{"id":534,"date":"2024-11-26T11:12:36","date_gmt":"2024-11-26T11:12:36","guid":{"rendered":"https:\/\/pizzeriarumore.com\/?page_id=534"},"modified":"2025-09-12T08:51:27","modified_gmt":"2025-09-12T08:51:27","slug":"terms-of-use","status":"publish","type":"page","link":"https:\/\/pizzeriarumore.com\/en\/terms-of-use\/","title":{"rendered":"Terms of Use"},"content":{"rendered":"<div data-elementor-type=\"wp-page\" data-elementor-id=\"534\" class=\"elementor elementor-534\" data-elementor-post-type=\"page\">\n\t\t\t\t<div class=\"elementor-element elementor-element-c55b128 e-con-full e-flex e-con e-parent\" data-id=\"c55b128\" data-element_type=\"container\" data-e-type=\"container\" data-settings=\"{&quot;background_background&quot;:&quot;classic&quot;}\">\n\t\t\t\t<div class=\"elementor-element elementor-element-c2849f5 elementor-widget elementor-widget-heading\" data-id=\"c2849f5\" data-element_type=\"widget\" data-e-type=\"widget\" data-widget_type=\"heading.default\">\n\t\t\t\t<div class=\"elementor-widget-container\">\n\t\t\t\t\t<h2 class=\"elementor-heading-title elementor-size-default\">Terms of Use <\/h2>\t\t\t\t<\/div>\n\t\t\t\t<\/div>\n\t\t\t\t<\/div>\n\t\t<div class=\"elementor-element elementor-element-edec45e e-con-full pageText e-flex e-con e-parent\" data-id=\"edec45e\" data-element_type=\"container\" data-e-type=\"container\" data-settings=\"{&quot;background_background&quot;:&quot;classic&quot;}\">\n\t\t<div class=\"elementor-element elementor-element-031ae32 e-con-full e-flex e-con e-child\" data-id=\"031ae32\" data-element_type=\"container\" data-e-type=\"container\">\n\t\t<div class=\"elementor-element elementor-element-e99f0d6 e-con-full e-flex e-con e-child\" data-id=\"e99f0d6\" data-element_type=\"container\" data-e-type=\"container\">\n\t\t<div class=\"elementor-element elementor-element-b5d4fa4 e-flex e-con-boxed e-con e-child\" data-id=\"b5d4fa4\" data-element_type=\"container\" data-e-type=\"container\">\n\t\t\t\t\t<div class=\"e-con-inner\">\n\t\t\t\t<div class=\"elementor-element elementor-element-8ebf4eb elementor-widget elementor-widget-text-editor\" data-id=\"8ebf4eb\" data-element_type=\"widget\" data-e-type=\"widget\" data-widget_type=\"text-editor.default\">\n\t\t\t\t<div class=\"elementor-widget-container\">\n\t\t\t\t\t\t\t\t\t<p><b>Introduction<\/b><\/p><p><span style=\"font-weight: 400;\">Welcome to the website of F.M. obrt za ugostiteljstvo (<\/span><a href=\"https:\/\/pizzeriarumore.com\/en\/\"><span style=\"font-weight: 400;\">www.pizzeriarumore.com<\/span><\/a><span style=\"font-weight: 400;\">). By using this website, you confirm that you have read, understood, and agreed to these Terms of Use. If you disagree with any part of these terms, please do not use this website.<\/span><\/p><p><b>Intellectual Property<\/b><\/p><p><span style=\"font-weight: 400;\">All content on this website, including text, images, logos, graphics, and other materials, is the property of F.M. obrt za ugostiteljstvo, unless otherwise stated. Reproducing, distributing, or using the content without prior written permission is prohibited.<\/span><\/p><p><b>Website Usage<\/b><\/p><p><span style=\"font-weight: 400;\">Users agree not to:<\/span><\/p><ul><li style=\"font-weight: 400;\" aria-level=\"1\"><span style=\"font-weight: 400;\">Use the website for unlawful activities.<\/span><\/li><li style=\"font-weight: 400;\" aria-level=\"1\"><span style=\"font-weight: 400;\">Publish content that is offensive, misleading, or malicious.<\/span><\/li><li style=\"font-weight: 400;\" aria-level=\"1\"><span style=\"font-weight: 400;\">Provide unauthorized access to third parties.<\/span><\/li><\/ul><p>\u00a0<\/p><p><b>Limitation of Liability<\/b><\/p><p><span style=\"font-weight: 400;\">F.M. obrt za ugostiteljstvo is not responsible for any errors or inaccuracies in the content of this website, nor for any damages arising from the use of the information provided. All users access and use the website at their own risk.<\/span><\/p><p><b>External Links<\/b><\/p><p><span style=\"font-weight: 400;\">This website may contain links to external sites. F.M. obrt za ugostiteljstvo is not responsible for the content or privacy policies of those sites.<\/span><\/p><p><span style=\"font-weight: 400;\">F.M. obrt za ugostiteljstvo reserves the right to change these Terms of Use at any time. The updated version will be available on this page.\u00a0<\/span><\/p><p><b>Contact<\/b><\/p><p><span style=\"font-weight: 400;\">For any questions regarding these Terms of Use, please contact us via email: <\/span><a href=\"mailto:hello@pizzeriarumore.com\"><span style=\"font-weight: 400;\">hello@pizzeriarumore.com<\/span><\/a><span style=\"font-weight: 400;\">\u00a0<\/span><\/p>\t\t\t\t\t\t\t\t<\/div>\n\t\t\t\t<\/div>\n\t\t\t\t\t<\/div>\n\t\t\t\t<\/div>\n\t\t\t\t<\/div>\n\t\t\t\t<\/div>\n\t\t\t\t<\/div>\n\t\t\t\t<\/div>","protected":false},"excerpt":{"rendered":"<p>Pravila kori\u0161tenja Uvod Dobrodo\u0161li na web stranicu F.M. obrt za ugostiteljstvo (www.pizzeriarumore.com). Kori\u0161tenjem ove web stranice potvr\u0111ujete da ste pro\u010ditali, razumjeli i prihvatili ova Pravila kori\u0161tenja. Ako se ne sla\u017eete s bilo kojim dijelom ovih pravila, molimo vas da ne koristite ovu web stranicu. Intelektualno vlasni\u0161tvo Sav sadr\u017eaj na ovoj web stranici, uklju\u010duju\u0107i tekstove, slike, [&hellip;]<\/p>\n","protected":false},"author":1,"featured_media":0,"parent":0,"menu_order":0,"comment_status":"closed","ping_status":"closed","template":"elementor_header_footer","meta":{"inline_featured_image":false,"footnotes":""},"class_list":["post-534","page","type-page","status-publish","hentry"],"_links":{"self":[{"href":"https:\/\/pizzeriarumore.com\/en\/wp-json\/wp\/v2\/pages\/534","targetHints":{"allow":["GET"]}}],"collection":[{"href":"https:\/\/pizzeriarumore.com\/en\/wp-json\/wp\/v2\/pages"}],"about":[{"href":"https:\/\/pizzeriarumore.com\/en\/wp-json\/wp\/v2\/types\/page"}],"author":[{"embeddable":true,"href":"https:\/\/pizzeriarumore.com\/en\/wp-json\/wp\/v2\/users\/1"}],"replies":[{"embeddable":true,"href":"https:\/\/pizzeriarumore.com\/en\/wp-json\/wp\/v2\/comments?post=534"}],"version-history":[{"count":5,"href":"https:\/\/pizzeriarumore.com\/en\/wp-json\/wp\/v2\/pages\/534\/revisions"}],"predecessor-version":[{"id":1677,"href":"https:\/\/pizzeriarumore.com\/en\/wp-json\/wp\/v2\/pages\/534\/revisions\/1677"}],"wp:attachment":[{"href":"https:\/\/pizzeriarumore.com\/en\/wp-json\/wp\/v2\/media?parent=534"}],"curies":[{"name":"wp","href":"https:\/\/api.w.org\/{rel}","templated":true}]}}