{"id":1689,"date":"2025-09-12T08:57:18","date_gmt":"2025-09-12T08:57:18","guid":{"rendered":"https:\/\/pizzeriarumore.com\/?page_id=1689"},"modified":"2025-09-12T14:06:48","modified_gmt":"2025-09-12T14:06:48","slug":"cookie-policy","status":"publish","type":"page","link":"https:\/\/pizzeriarumore.com\/en\/cookie-policy\/","title":{"rendered":"Cookie policy"},"content":{"rendered":"<div data-elementor-type=\"wp-page\" data-elementor-id=\"1689\" class=\"elementor elementor-1689\" data-elementor-post-type=\"page\">\n\t\t\t\t<div class=\"elementor-element elementor-element-c55b128 e-con-full e-flex e-con e-parent\" data-id=\"c55b128\" data-element_type=\"container\" data-e-type=\"container\" data-settings=\"{&quot;background_background&quot;:&quot;classic&quot;}\">\n\t\t\t\t<div class=\"elementor-element elementor-element-c2849f5 elementor-widget elementor-widget-heading\" data-id=\"c2849f5\" data-element_type=\"widget\" data-e-type=\"widget\" data-widget_type=\"heading.default\">\n\t\t\t\t<div class=\"elementor-widget-container\">\n\t\t\t\t\t<h2 class=\"elementor-heading-title elementor-size-default\">Cookie policy<\/h2>\t\t\t\t<\/div>\n\t\t\t\t<\/div>\n\t\t\t\t<\/div>\n\t\t<div class=\"elementor-element elementor-element-edec45e e-con-full pageText e-flex e-con e-parent\" data-id=\"edec45e\" data-element_type=\"container\" data-e-type=\"container\" data-settings=\"{&quot;background_background&quot;:&quot;classic&quot;}\">\n\t\t<div class=\"elementor-element elementor-element-031ae32 e-con-full e-flex e-con e-child\" data-id=\"031ae32\" data-element_type=\"container\" data-e-type=\"container\">\n\t\t<div class=\"elementor-element elementor-element-e99f0d6 e-con-full e-flex e-con e-child\" data-id=\"e99f0d6\" data-element_type=\"container\" data-e-type=\"container\">\n\t\t<div class=\"elementor-element elementor-element-b5d4fa4 e-flex e-con-boxed e-con e-child\" data-id=\"b5d4fa4\" data-element_type=\"container\" data-e-type=\"container\">\n\t\t\t\t\t<div class=\"e-con-inner\">\n\t\t\t\t<div class=\"elementor-element elementor-element-8ebf4eb elementor-widget elementor-widget-text-editor\" data-id=\"8ebf4eb\" data-element_type=\"widget\" data-e-type=\"widget\" data-widget_type=\"text-editor.default\">\n\t\t\t\t<div class=\"elementor-widget-container\">\n\t\t\t\t\t\t\t\t\t<p><span style=\"font-weight: 400;\">To make the visit to our website as enjoyable as possible, functional, and convenient, our web pages store a certain amount of information, so-called cookies, on your computer. They make the site work optimally and enhance your browsing and use experience. By visiting and using this website, you agree to use cookies that can be blocked. After that, you can still view the webpage, but some features will not be available.<\/span><\/p><p><b>What are cookies?<\/b><\/p><p><span style=\"font-weight: 400;\">The cookie is part of the information stored on your computer, cell phone, or tablet, which can be delivered directly from the website you visit (first-party cookies) or in collaboration with the needs of third-party websites (third-party cookies). Cookies usually save your settings, website settings, etc. Once you open a webpage again, your web browser sends back the cookies that belong to this site. This allows the page to display information tailored to your needs. Cookies can have a wide range of information, including a piece of personal information. This information can be saved only if you enable it. The same website cannot access the information that you have not provided and cannot access any other files on your computer.<\/span><\/p><p><b>How to disable them<\/b><span style=\"font-weight: 400;\">\u00a0<\/span><\/p><p><span style=\"font-weight: 400;\">If you want to disable the saving of cookies on your computer, you can do it. The act of blocking itself may have a negative impact on the use of the website. To disable cookies, you need to set the settings and configurations of your web browser. Select help and information about the cookies in the browser menu and follow the instructions.<\/span><\/p><p><b>Temporary cookies<\/b><\/p><p><span style=\"font-weight: 400;\">Temporary cookies or cookies are removed from your computer when you close your browser. With them, websites store temporary data.<\/span><\/p><p><b>Permanent cookies<\/b><\/p><p><span style=\"font-weight: 400;\">After you close the Internet browser program, permanent or saved cookies remain on your computer. With them, websites store information such as login name and password, so you do not have to sign in for each visit to a particular location.<\/span><\/p><p><b>Third-Party Cookies<\/b><\/p><p><span style=\"font-weight: 400;\">Third-party cookies set up by external organizations we use our services. These cookies are set for the normal functioning of certain features that make it easier for users to access content. We currently have Google Analytics visit metrics for cookies.<\/span><\/p>\t\t\t\t\t\t\t\t<\/div>\n\t\t\t\t<\/div>\n\t\t\t\t\t<\/div>\n\t\t\t\t<\/div>\n\t\t\t\t<\/div>\n\t\t\t\t<\/div>\n\t\t\t\t<\/div>\n\t\t\t\t<\/div>","protected":false},"excerpt":{"rendered":"<p>Pravila o kola\u010di\u0107ima Kako bismo posjet va\u0161e web stranice u\u010dinili \u0161to ugodnijim, funkcionalnim i prakti\u010dnim, na\u0161e web stranice pohranjuju odre\u0111ene informacije, tzv. kola\u010di\u0107e, na va\u0161e ra\u010dunalo. Oni omogu\u0107avaju optimalan rad stranice i pobolj\u0161avaju va\u0161e iskustvo pregledavanja i upotrebe. Posjetom i kori\u0161tenjem ove web stranice pristajete na kori\u0161tenje kola\u010di\u0107a koji se mogu blokirati. Nakon toga, i [&hellip;]<\/p>\n","protected":false},"author":1,"featured_media":0,"parent":0,"menu_order":0,"comment_status":"closed","ping_status":"closed","template":"elementor_header_footer","meta":{"inline_featured_image":false,"footnotes":""},"class_list":["post-1689","page","type-page","status-publish","hentry"],"_links":{"self":[{"href":"https:\/\/pizzeriarumore.com\/en\/wp-json\/wp\/v2\/pages\/1689","targetHints":{"allow":["GET"]}}],"collection":[{"href":"https:\/\/pizzeriarumore.com\/en\/wp-json\/wp\/v2\/pages"}],"about":[{"href":"https:\/\/pizzeriarumore.com\/en\/wp-json\/wp\/v2\/types\/page"}],"author":[{"embeddable":true,"href":"https:\/\/pizzeriarumore.com\/en\/wp-json\/wp\/v2\/users\/1"}],"replies":[{"embeddable":true,"href":"https:\/\/pizzeriarumore.com\/en\/wp-json\/wp\/v2\/comments?post=1689"}],"version-history":[{"count":5,"href":"https:\/\/pizzeriarumore.com\/en\/wp-json\/wp\/v2\/pages\/1689\/revisions"}],"predecessor-version":[{"id":1729,"href":"https:\/\/pizzeriarumore.com\/en\/wp-json\/wp\/v2\/pages\/1689\/revisions\/1729"}],"wp:attachment":[{"href":"https:\/\/pizzeriarumore.com\/en\/wp-json\/wp\/v2\/media?parent=1689"}],"curies":[{"name":"wp","href":"https:\/\/api.w.org\/{rel}","templated":true}]}}