{"id":1678,"date":"2025-09-12T08:55:21","date_gmt":"2025-09-12T08:55:21","guid":{"rendered":"https:\/\/pizzeriarumore.com\/?page_id=1678"},"modified":"2025-09-12T08:56:52","modified_gmt":"2025-09-12T08:56:52","slug":"privacy-policy","status":"publish","type":"page","link":"https:\/\/pizzeriarumore.com\/en\/privacy-policy\/","title":{"rendered":"Privacy policy"},"content":{"rendered":"<div data-elementor-type=\"wp-page\" data-elementor-id=\"1678\" class=\"elementor elementor-1678\" data-elementor-post-type=\"page\">\n\t\t\t\t<div class=\"elementor-element elementor-element-c55b128 e-con-full e-flex e-con e-parent\" data-id=\"c55b128\" data-element_type=\"container\" data-e-type=\"container\" data-settings=\"{&quot;background_background&quot;:&quot;classic&quot;}\">\n\t\t\t\t<div class=\"elementor-element elementor-element-c2849f5 elementor-widget elementor-widget-heading\" data-id=\"c2849f5\" data-element_type=\"widget\" data-e-type=\"widget\" data-widget_type=\"heading.default\">\n\t\t\t\t<div class=\"elementor-widget-container\">\n\t\t\t\t\t<h2 class=\"elementor-heading-title elementor-size-default\">Privacy policy<\/h2>\t\t\t\t<\/div>\n\t\t\t\t<\/div>\n\t\t\t\t<\/div>\n\t\t<div class=\"elementor-element elementor-element-edec45e e-con-full pageText e-flex e-con e-parent\" data-id=\"edec45e\" data-element_type=\"container\" data-e-type=\"container\" data-settings=\"{&quot;background_background&quot;:&quot;classic&quot;}\">\n\t\t<div class=\"elementor-element elementor-element-031ae32 e-con-full e-flex e-con e-child\" data-id=\"031ae32\" data-element_type=\"container\" data-e-type=\"container\">\n\t\t<div class=\"elementor-element elementor-element-e99f0d6 e-con-full e-flex e-con e-child\" data-id=\"e99f0d6\" data-element_type=\"container\" data-e-type=\"container\">\n\t\t<div class=\"elementor-element elementor-element-b5d4fa4 e-flex e-con-boxed e-con e-child\" data-id=\"b5d4fa4\" data-element_type=\"container\" data-e-type=\"container\">\n\t\t\t\t\t<div class=\"e-con-inner\">\n\t\t\t\t<div class=\"elementor-element elementor-element-8ebf4eb elementor-widget elementor-widget-text-editor\" data-id=\"8ebf4eb\" data-element_type=\"widget\" data-e-type=\"widget\" data-widget_type=\"text-editor.default\">\n\t\t\t\t<div class=\"elementor-widget-container\">\n\t\t\t\t\t\t\t\t\t<p><b>Introduction<\/b><\/p><p><span style=\"font-weight: 400;\">F.M. obrt za ugostiteljstvo (<\/span><a href=\"https:\/\/pizzeriarumore.com\/en\/\"><span style=\"font-weight: 400;\">www.pizzeriarumore.com<\/span><\/a><span style=\"font-weight: 400;\">) <\/span><span style=\"font-weight: 400;\">is committed to protecting the privacy of its users. This Privacy Policy explains how we collect, use, and protect your data.<\/span><\/p><p><b>Data We Collect<\/b><\/p><p><span style=\"font-weight: 400;\">We may collect the following types of data:<\/span><\/p><ul><li style=\"font-weight: 400;\" aria-level=\"1\"><span style=\"font-weight: 400;\">Personal Data: Name, surname, email address, phone number (e.g., via contact forms).<\/span><\/li><li style=\"font-weight: 400;\" aria-level=\"1\"><span style=\"font-weight: 400;\">Technical Data: IP address, browser type, device information.<\/span><\/li><\/ul><p><b>Purpose of Data Processing<\/b><\/p><p><span style=\"font-weight: 400;\">We use your data for the following purposes:<\/span><\/p><ul><li style=\"font-weight: 400;\" aria-level=\"1\"><span style=\"font-weight: 400;\">Responding to your inquiries.<\/span><\/li><li style=\"font-weight: 400;\" aria-level=\"1\"><span style=\"font-weight: 400;\">Improving the user experience.<\/span><\/li><li style=\"font-weight: 400;\" aria-level=\"1\"><span style=\"font-weight: 400;\">Statistical analysis to enhance content and services.<\/span><\/li><\/ul><p><b>Sharing Data<\/b><\/p><p><span style=\"font-weight: 400;\">Your data will not be shared with third parties except:<\/span><\/p><ul><li style=\"font-weight: 400;\" aria-level=\"1\"><span style=\"font-weight: 400;\">If necessary to fulfill your requests (e.g., service delivery).<\/span><\/li><li style=\"font-weight: 400;\" aria-level=\"1\"><span style=\"font-weight: 400;\">If required by law.<\/span><\/li><\/ul><p><b>Cookies<\/b><\/p><p><span style=\"font-weight: 400;\">Our website uses cookies to analyze traffic and improve functionality. You can manage cookie settings through your browser.<\/span><\/p><p><b>User Rights<\/b><\/p><p><span style=\"font-weight: 400;\">Users have the following rights:<\/span><\/p><ul><li style=\"font-weight: 400;\" aria-level=\"1\"><span style=\"font-weight: 400;\">Right to access their data.<\/span><\/li><li style=\"font-weight: 400;\" aria-level=\"1\"><span style=\"font-weight: 400;\">Right to correct inaccurate data.<\/span><\/li><li style=\"font-weight: 400;\" aria-level=\"1\"><span style=\"font-weight: 400;\">Right to request deletion of their data.<\/span><\/li><li style=\"font-weight: 400;\" aria-level=\"1\"><span style=\"font-weight: 400;\">Right to object to data processing.<\/span><\/li><\/ul><p><span style=\"font-weight: 400;\">To exercise these rights, please contact us at: <\/span><a href=\"mailto:hello@pizzeriarumore.com\"><span style=\"font-weight: 400;\">hello@pizzeriarumore.com<\/span><\/a><span style=\"font-weight: 400;\">\u00a0<\/span><\/p><p><b>Data Security<\/b><\/p><p><span style=\"font-weight: 400;\">We implement technical and organizational measures to protect your data from unauthorized access or misuse.<\/span><\/p><p><b>Changes to the Policy<\/b><\/p><p><span style=\"font-weight: 400;\">We reserve the right to update this Privacy Policy. All changes will be published on this page.<\/span><\/p><p><b>Contact<\/b><\/p><p><span style=\"font-weight: 400;\">For questions related to privacy protection, please contact us via email: <\/span><a href=\"mailto:hello@pizzeriarumore.com\"><span style=\"font-weight: 400;\">hello@pizzeriarumore.com<\/span><\/a><\/p>\t\t\t\t\t\t\t\t<\/div>\n\t\t\t\t<\/div>\n\t\t\t\t\t<\/div>\n\t\t\t\t<\/div>\n\t\t\t\t<\/div>\n\t\t\t\t<\/div>\n\t\t\t\t<\/div>\n\t\t\t\t<\/div>","protected":false},"excerpt":{"rendered":"<p>Politika privatnosti Uvod F.M. obrt za ugostiteljstvo (www.pizzeriarumore.com) posve\u0107en je za\u0161titi privatnosti svojih korisnika. Ova politika privatnosti obja\u0161njava kako prikupljamo, koristimo i \u0161titimo va\u0161e podatke. Podaci koje prikupljamo Mo\u017eemo prikupljati sljede\u0107e vrste podataka: Osobni podaci: Ime, prezime, e-mail adresa, telefonski broj (npr. putem kontakt obrazaca). Tehni\u010dki podaci: IP adresa, vrsta preglednika, ure\u0111aj koji koristite. Svrha [&hellip;]<\/p>\n","protected":false},"author":1,"featured_media":0,"parent":0,"menu_order":0,"comment_status":"closed","ping_status":"closed","template":"elementor_header_footer","meta":{"inline_featured_image":false,"footnotes":""},"class_list":["post-1678","page","type-page","status-publish","hentry"],"_links":{"self":[{"href":"https:\/\/pizzeriarumore.com\/en\/wp-json\/wp\/v2\/pages\/1678","targetHints":{"allow":["GET"]}}],"collection":[{"href":"https:\/\/pizzeriarumore.com\/en\/wp-json\/wp\/v2\/pages"}],"about":[{"href":"https:\/\/pizzeriarumore.com\/en\/wp-json\/wp\/v2\/types\/page"}],"author":[{"embeddable":true,"href":"https:\/\/pizzeriarumore.com\/en\/wp-json\/wp\/v2\/users\/1"}],"replies":[{"embeddable":true,"href":"https:\/\/pizzeriarumore.com\/en\/wp-json\/wp\/v2\/comments?post=1678"}],"version-history":[{"count":5,"href":"https:\/\/pizzeriarumore.com\/en\/wp-json\/wp\/v2\/pages\/1678\/revisions"}],"predecessor-version":[{"id":1688,"href":"https:\/\/pizzeriarumore.com\/en\/wp-json\/wp\/v2\/pages\/1678\/revisions\/1688"}],"wp:attachment":[{"href":"https:\/\/pizzeriarumore.com\/en\/wp-json\/wp\/v2\/media?parent=1678"}],"curies":[{"name":"wp","href":"https:\/\/api.w.org\/{rel}","templated":true}]}}